{"id":97,"date":"2023-11-25T17:13:05","date_gmt":"2023-11-25T16:13:05","guid":{"rendered":"https:\/\/agholidaytravels.com\/?page_id=97"},"modified":"2023-12-05T11:24:43","modified_gmt":"2023-12-05T10:24:43","slug":"nativo-de-la-selva-04-dias-03-noches","status":"publish","type":"page","link":"https:\/\/agholidaytravels.com\/index.php\/nativo-de-la-selva-04-dias-03-noches\/","title":{"rendered":"Nativo de la Selva &#8211; 04 d\u00edas \/ 03 noches"},"content":{"rendered":"\n<p><strong>INCLUYE<\/strong><\/p>\n\n\n\n<p>\u25ba Traslados Aeropuerto \/ Lodge\/ Hotel \/Aeropuerto<\/p>\n\n\n\n<p>\u25ba Traslados fluviales y terrestres<\/p>\n\n\n\n<p>\u25ba 02 Noches de alojamiento en Cumaceba Curaka Inn<\/p>\n\n\n\n<p>\u25ba Alimentaci\u00f3n incluida en Selva: 03 almuerzos, 02 cenas y 02 desayunos<\/p>\n\n\n\n<p>\u25ba 01 Noche de alojamiento en ciudad<\/p>\n\n\n\n<p>\u25ba Desayuno incluido en hotel en ciudad<\/p>\n\n\n\n<p>\u25ba City tour Iquitos<\/p>\n\n\n\n<p>\u25ba Navegaci\u00f3n por los r\u00edos Itaya, Amazonas<\/p>\n\n\n\n<p>\u25ba Buscaremos delfines grises y bufeos rosados.<\/p>\n\n\n\n<p>\u25ba Excursi\u00f3n por la selva conociendo flora y fauna.<\/p>\n\n\n\n<p>\u25ba Presenciaremos la extracci\u00f3n del jugo de ca\u00f1a de az\u00facar de manera artesanal<\/p>\n\n\n\n<p>\u25ba Caminata nocturna por la selva.<\/p>\n\n\n\n<p>\u25ba Avistamiento de aves en su h\u00e1bitat<\/p>\n\n\n\n<p>\u25ba Visita a morador ribere\u00f1o quien nos mostrar\u00e1 boas constrictoras no venenosas, oso perezoso, tortugas entre otros.<\/p>\n\n\n\n<p>\u25ba Por la tarde visita a pueblo de la ribera \u2018\u2019Gallito\u2019\u2019 para conocer parte de sus actividades diarias.<\/p>\n\n\n\n<p>\u25ba Pesca a orillas del rio Amazonas.<\/p>\n\n\n\n<p>\u25ba Observaci\u00f3n de la Victoria Regia, planta acu\u00e1tica m\u00e1s grande del mundo<\/p>\n\n\n\n<p>\u25ba Visita a la comunidad nativa Bora Bora<\/p>\n\n\n\n<p><strong>Hoteles<\/strong><\/p>\n\n\n\n<p><strong><strong>El Dorado Classic o Express 3* + Cumaceba Curaka Inn<\/strong><\/strong><\/p>\n\n\n\n<p><strong>Precio por PAX en USD 328.00<\/strong><br><\/p>\n\n\n\n<hr class=\"wp-block-separator has-alpha-channel-opacity\"\/>\n\n\n\n<figure class=\"wp-block-embed is-type-video is-provider-youtube wp-block-embed-youtube wp-embed-aspect-16-9 wp-has-aspect-ratio\"><div class=\"wp-block-embed__wrapper\">\n<iframe loading=\"lazy\" title=\"Iquitos en el 2020 | Cr\u00f3nicas de un Viajero\" width=\"840\" height=\"473\" src=\"https:\/\/www.youtube.com\/embed\/KZMj7JYM_io?feature=oembed\" frameborder=\"0\" allow=\"accelerometer; autoplay; clipboard-write; encrypted-media; gyroscope; picture-in-picture; web-share\" allowfullscreen><\/iframe>\n<\/div><\/figure>\n\n\n\n<hr class=\"wp-block-separator has-alpha-channel-opacity\"\/>\n\n\n\n<div class=\"wp-block-buttons is-content-justification-center is-layout-flex wp-container-1 wp-block-buttons-is-layout-flex\">\n<div class=\"wp-block-button\"><a class=\"wp-block-button__link has-vivid-green-cyan-background-color has-background wp-element-button\" href=\"https:\/\/api.whatsapp.com\/send?phone=51 971477452&amp;text=Saludos%20estoy%20interesado%20en%20la%20oferta%20Selva\">Consultar por Whatsapp<\/a><\/div>\n<\/div>\n","protected":false},"excerpt":{"rendered":"<p>INCLUYE \u25ba Traslados Aeropuerto \/ Lodge\/ Hotel \/Aeropuerto \u25ba Traslados fluviales y terrestres \u25ba 02 Noches de alojamiento en Cumaceba Curaka Inn \u25ba Alimentaci\u00f3n incluida &hellip; <\/p>\n","protected":false},"author":1,"featured_media":98,"parent":0,"menu_order":0,"comment_status":"closed","ping_status":"closed","template":"","meta":{"footnotes":""},"_links":{"self":[{"href":"https:\/\/agholidaytravels.com\/index.php\/wp-json\/wp\/v2\/pages\/97"}],"collection":[{"href":"https:\/\/agholidaytravels.com\/index.php\/wp-json\/wp\/v2\/pages"}],"about":[{"href":"https:\/\/agholidaytravels.com\/index.php\/wp-json\/wp\/v2\/types\/page"}],"author":[{"embeddable":true,"href":"https:\/\/agholidaytravels.com\/index.php\/wp-json\/wp\/v2\/users\/1"}],"replies":[{"embeddable":true,"href":"https:\/\/agholidaytravels.com\/index.php\/wp-json\/wp\/v2\/comments?post=97"}],"version-history":[{"count":3,"href":"https:\/\/agholidaytravels.com\/index.php\/wp-json\/wp\/v2\/pages\/97\/revisions"}],"predecessor-version":[{"id":350,"href":"https:\/\/agholidaytravels.com\/index.php\/wp-json\/wp\/v2\/pages\/97\/revisions\/350"}],"wp:featuredmedia":[{"embeddable":true,"href":"https:\/\/agholidaytravels.com\/index.php\/wp-json\/wp\/v2\/media\/98"}],"wp:attachment":[{"href":"https:\/\/agholidaytravels.com\/index.php\/wp-json\/wp\/v2\/media?parent=97"}],"curies":[{"name":"wp","href":"https:\/\/api.w.org\/{rel}","templated":true}]}}