{"id":58,"date":"2023-11-18T16:49:54","date_gmt":"2023-11-18T15:49:54","guid":{"rendered":"https:\/\/agholidaytravels.com\/?page_id=58"},"modified":"2023-11-18T16:50:52","modified_gmt":"2023-11-18T15:50:52","slug":"arequipa-y-el-canon-del-colca-03dias-02-noches","status":"publish","type":"page","link":"https:\/\/agholidaytravels.com\/index.php\/arequipa-y-el-canon-del-colca-03dias-02-noches\/","title":{"rendered":"Arequipa y el Ca\u00f1\u00f3n del Colca 03dias\/02 noches"},"content":{"rendered":"\n<p><strong>INCLUYE<\/strong><br>\u25ba Traslados Aeropuerto \/ Hotel \/ Aeropuerto En Arequipa<br>\u25ba 02 Noches De Alojamiento En Arequipa En El Hotel Seleccionado<br>\u25ba Alimentaci\u00f3n: 03 Desayunos Continentales.<br>\u25ba Almuerzo en Chivay &#8211; Colca (buffet)<br>\u25ba City Tour Arequipa + Yanahuara Y Carmen Alto: Visitaremos La Plaza De Armas, La Catedral, Iglesia De La Compa\u00f1\u00eda Claustros De La Compa\u00f1\u00eda, Donde Apreciaremos La Belleza De La Arquitectura Colonial De La \u201c Blanca Ciudad \u201c , Ingresaremos Al Monasterio De Santa Catalina, Vista Al Mirador De Yanahuara Y Carmen Alto<br>\u25ba Excursi\u00f3n Al Valle Del Colca (Full Day): Visitaremos La Reserva Nacional De Aguada Blanca, \u201cLa Cruz Del C\u00f3ndor\u201d, Los Miradores De Choquetico, Andener\u00eda Pre-Inca, Litomaquetas, Tumbas Colgantes Visitaremos Tambi\u00e9n Los Pueblos De Pinchollo, Maca Y Yanque.<\/p>\n\n\n\n<figure class=\"wp-block-embed is-type-video is-provider-youtube wp-block-embed-youtube wp-embed-aspect-16-9 wp-has-aspect-ratio\"><div class=\"wp-block-embed__wrapper\">\n<iframe loading=\"lazy\" title=\"Ca\u00f1\u00f3n del Colca - Arequipa\" width=\"840\" height=\"473\" src=\"https:\/\/www.youtube.com\/embed\/nuUgG6ttUuw?feature=oembed\" frameborder=\"0\" allow=\"accelerometer; autoplay; clipboard-write; encrypted-media; gyroscope; picture-in-picture; web-share\" allowfullscreen><\/iframe>\n<\/div><\/figure>\n\n\n\n<p><strong>HOTELES<\/strong><\/p>\n\n\n\n<ul>\n<li>Hotel Ensue\u00f1o 3*<\/li>\n\n\n\n<li>Casona Plaza Hotel 3*<\/li>\n<\/ul>\n\n\n\n<p><strong>Precios por persona:<\/strong><br>Peruanos $ 212<br>Extranjeros $ 229<\/p>\n\n\n\n<hr class=\"wp-block-separator has-alpha-channel-opacity\"\/>\n\n\n\n<p><strong>Hotel Ensue\u00f1o:<\/strong><\/p>\n\n\n\n<figure class=\"wp-block-image size-large\"><img decoding=\"async\" src=\"https:\/\/dynamic-media-cdn.tripadvisor.com\/media\/photo-o\/05\/05\/d5\/61\/ensueno-hotel.jpg?w=700&amp;h=-1&amp;s=1\" alt=\"\"\/><\/figure>\n\n\n\n<hr class=\"wp-block-separator has-alpha-channel-opacity\"\/>\n\n\n\n<p><strong>Casona Plaza Hotel 3*<\/strong><\/p>\n\n\n\n<figure class=\"wp-block-image size-large\"><img decoding=\"async\" src=\"https:\/\/d2poxrheyfxwbo.cloudfront.net\/hotel\/15b17f49-dd07-4095-9dca-a688ba8212ab\" alt=\"\"\/><\/figure>\n","protected":false},"excerpt":{"rendered":"<p>INCLUYE\u25ba Traslados Aeropuerto \/ Hotel \/ Aeropuerto En Arequipa\u25ba 02 Noches De Alojamiento En Arequipa En El Hotel Seleccionado\u25ba Alimentaci\u00f3n: 03 Desayunos Continentales.\u25ba Almuerzo en &hellip; <\/p>\n","protected":false},"author":1,"featured_media":59,"parent":0,"menu_order":0,"comment_status":"closed","ping_status":"closed","template":"","meta":{"footnotes":""},"_links":{"self":[{"href":"https:\/\/agholidaytravels.com\/index.php\/wp-json\/wp\/v2\/pages\/58"}],"collection":[{"href":"https:\/\/agholidaytravels.com\/index.php\/wp-json\/wp\/v2\/pages"}],"about":[{"href":"https:\/\/agholidaytravels.com\/index.php\/wp-json\/wp\/v2\/types\/page"}],"author":[{"embeddable":true,"href":"https:\/\/agholidaytravels.com\/index.php\/wp-json\/wp\/v2\/users\/1"}],"replies":[{"embeddable":true,"href":"https:\/\/agholidaytravels.com\/index.php\/wp-json\/wp\/v2\/comments?post=58"}],"version-history":[{"count":2,"href":"https:\/\/agholidaytravels.com\/index.php\/wp-json\/wp\/v2\/pages\/58\/revisions"}],"predecessor-version":[{"id":61,"href":"https:\/\/agholidaytravels.com\/index.php\/wp-json\/wp\/v2\/pages\/58\/revisions\/61"}],"wp:featuredmedia":[{"embeddable":true,"href":"https:\/\/agholidaytravels.com\/index.php\/wp-json\/wp\/v2\/media\/59"}],"wp:attachment":[{"href":"https:\/\/agholidaytravels.com\/index.php\/wp-json\/wp\/v2\/media?parent=58"}],"curies":[{"name":"wp","href":"https:\/\/api.w.org\/{rel}","templated":true}]}}