{"id":55,"date":"2023-11-18T16:41:35","date_gmt":"2023-11-18T15:41:35","guid":{"rendered":"https:\/\/agholidaytravels.com\/?page_id=55"},"modified":"2023-11-18T16:41:47","modified_gmt":"2023-11-18T15:41:47","slug":"arequipa-ciudad-blanca-03-dias-02-noches","status":"publish","type":"page","link":"https:\/\/agholidaytravels.com\/index.php\/arequipa-ciudad-blanca-03-dias-02-noches\/","title":{"rendered":"Arequipa Ciudad Blanca 03 d\u00edas\/02 noches"},"content":{"rendered":"\n<p><br><strong>INCLUYE<\/strong><\/p>\n\n\n\n<p>\u25ba Traslados Aeropuerto \/ Hotel \/ Aeropuerto En Arequipa<br>\u25ba 02 Noches De Alojamiento En Arequipa En El Hotel Seleccionado.<br>\u25ba Alimentaci\u00f3n: 02 Desayunos Continentales.<br>\u25ba City Tour Arequipa + Yanahuara Y Carmen Alto: Visitaremos La Plaza De Armas, La Catedral, Iglesia De La Compa\u00f1\u00eda Claustros De La Compa\u00f1\u00eda, Donde Apreciaremos La Belleza De La Arquitectura Colonial De La \u201c Blanca Ciudad \u201c , Ingresaremos Al Monasterio De Santa Catalina, Vista Al Mirador De Yanahuara Y Carmen Alto<br>\u25ba Excursi\u00f3n A La Campi\u00f1a+Molino De Sabandia<br>\u25ba Movilidad Permanente Y Entradas A Todos Los Atractivos A Visitar.<br>\u25ba Gu\u00eda Oficial De Turismo Con Experiencia En Grupos<\/p>\n\n\n\n<p><strong>Hoteles:<\/strong><\/p>\n\n\n\n<ul>\n<li>Hotel Ensue\u00f1o 3*<\/li>\n\n\n\n<li>Casona Plaza Hotel 3*<\/li>\n<\/ul>\n\n\n\n<p><strong>Por PAX en <\/strong><br><strong><strong>Desde  <\/strong>USD  $ 178.00<\/strong><\/p>\n\n\n\n<figure class=\"wp-block-embed is-type-video is-provider-youtube wp-block-embed-youtube wp-embed-aspect-16-9 wp-has-aspect-ratio\"><div class=\"wp-block-embed__wrapper\">\n<iframe loading=\"lazy\" title=\"Arequipa: encantadora tierra volc\u00e1nica y exquisita gastronom\u00eda\" width=\"840\" height=\"473\" src=\"https:\/\/www.youtube.com\/embed\/ZDrD10diHyA?feature=oembed\" frameborder=\"0\" allow=\"accelerometer; autoplay; clipboard-write; encrypted-media; gyroscope; picture-in-picture; web-share\" allowfullscreen><\/iframe>\n<\/div><\/figure>\n","protected":false},"excerpt":{"rendered":"<p>INCLUYE \u25ba Traslados Aeropuerto \/ Hotel \/ Aeropuerto En Arequipa\u25ba 02 Noches De Alojamiento En Arequipa En El Hotel Seleccionado.\u25ba Alimentaci\u00f3n: 02 Desayunos Continentales.\u25ba City &hellip; <\/p>\n","protected":false},"author":1,"featured_media":56,"parent":0,"menu_order":0,"comment_status":"closed","ping_status":"closed","template":"","meta":{"footnotes":""},"_links":{"self":[{"href":"https:\/\/agholidaytravels.com\/index.php\/wp-json\/wp\/v2\/pages\/55"}],"collection":[{"href":"https:\/\/agholidaytravels.com\/index.php\/wp-json\/wp\/v2\/pages"}],"about":[{"href":"https:\/\/agholidaytravels.com\/index.php\/wp-json\/wp\/v2\/types\/page"}],"author":[{"embeddable":true,"href":"https:\/\/agholidaytravels.com\/index.php\/wp-json\/wp\/v2\/users\/1"}],"replies":[{"embeddable":true,"href":"https:\/\/agholidaytravels.com\/index.php\/wp-json\/wp\/v2\/comments?post=55"}],"version-history":[{"count":1,"href":"https:\/\/agholidaytravels.com\/index.php\/wp-json\/wp\/v2\/pages\/55\/revisions"}],"predecessor-version":[{"id":57,"href":"https:\/\/agholidaytravels.com\/index.php\/wp-json\/wp\/v2\/pages\/55\/revisions\/57"}],"wp:featuredmedia":[{"embeddable":true,"href":"https:\/\/agholidaytravels.com\/index.php\/wp-json\/wp\/v2\/media\/56"}],"wp:attachment":[{"href":"https:\/\/agholidaytravels.com\/index.php\/wp-json\/wp\/v2\/media?parent=55"}],"curies":[{"name":"wp","href":"https:\/\/api.w.org\/{rel}","templated":true}]}}