{"id":336,"date":"2023-12-04T22:07:35","date_gmt":"2023-12-04T21:07:35","guid":{"rendered":"https:\/\/agholidaytravels.com\/?page_id=336"},"modified":"2023-12-04T22:07:35","modified_gmt":"2023-12-04T21:07:35","slug":"ica-y-paracas-02-dias-01-noche","status":"publish","type":"page","link":"https:\/\/agholidaytravels.com\/index.php\/ica-y-paracas-02-dias-01-noche\/","title":{"rendered":"Ica y Paracas 02 d\u00edas &#8211; 01 noche"},"content":{"rendered":"\n<p><\/p>\n\n\n\n<p><strong>INCLUYE<\/strong><\/p>\n\n\n\n<p>Boleto de Bus Lima \u2013 Ica \/ Paracas \u2013 Lima v\u00eda Cruz del Sur<br>Traslados In &#8211; Out<br>01 Noche de alojamiento en Ica en Hotel 3*<br>Alimentaci\u00f3n: 01 desayuno<br>City Tour Ica + Huacachina (incluye paseo en tubulares)<br>Excursi\u00f3n a las Islas Ballestas + Reserva Nacional de Paracas<br>Gu\u00eda oficial de turismo<br>Ingresos Incluidos<\/p>\n\n\n\n<p><strong>Hoteles<br><\/strong>Las Flores de Ica 3*<br>Sol de Ica 3*<br>Por PAX en SOLES S\/ 673.00<\/p>\n","protected":false},"excerpt":{"rendered":"<p>INCLUYE Boleto de Bus Lima \u2013 Ica \/ Paracas \u2013 Lima v\u00eda Cruz del SurTraslados In &#8211; Out01 Noche de alojamiento en Ica en Hotel &hellip; <\/p>\n","protected":false},"author":1,"featured_media":145,"parent":0,"menu_order":0,"comment_status":"closed","ping_status":"closed","template":"","meta":{"footnotes":""},"_links":{"self":[{"href":"https:\/\/agholidaytravels.com\/index.php\/wp-json\/wp\/v2\/pages\/336"}],"collection":[{"href":"https:\/\/agholidaytravels.com\/index.php\/wp-json\/wp\/v2\/pages"}],"about":[{"href":"https:\/\/agholidaytravels.com\/index.php\/wp-json\/wp\/v2\/types\/page"}],"author":[{"embeddable":true,"href":"https:\/\/agholidaytravels.com\/index.php\/wp-json\/wp\/v2\/users\/1"}],"replies":[{"embeddable":true,"href":"https:\/\/agholidaytravels.com\/index.php\/wp-json\/wp\/v2\/comments?post=336"}],"version-history":[{"count":1,"href":"https:\/\/agholidaytravels.com\/index.php\/wp-json\/wp\/v2\/pages\/336\/revisions"}],"predecessor-version":[{"id":337,"href":"https:\/\/agholidaytravels.com\/index.php\/wp-json\/wp\/v2\/pages\/336\/revisions\/337"}],"wp:featuredmedia":[{"embeddable":true,"href":"https:\/\/agholidaytravels.com\/index.php\/wp-json\/wp\/v2\/media\/145"}],"wp:attachment":[{"href":"https:\/\/agholidaytravels.com\/index.php\/wp-json\/wp\/v2\/media?parent=336"}],"curies":[{"name":"wp","href":"https:\/\/api.w.org\/{rel}","templated":true}]}}