{"id":30,"date":"2023-11-03T11:43:44","date_gmt":"2023-11-03T10:43:44","guid":{"rendered":"https:\/\/agholidaytravels.com\/?page_id=30"},"modified":"2023-12-03T15:49:07","modified_gmt":"2023-12-03T14:49:07","slug":"mexico-cancun","status":"publish","type":"page","link":"https:\/\/agholidaytravels.com\/index.php\/mexico-cancun\/","title":{"rendered":"M\u00c9XICO &amp; CANC\u00daN"},"content":{"rendered":"\n<p><\/p>\n\n\n\n<p><strong>(07 D\u00edas \/ 06 Noches)<\/strong><\/p>\n\n\n\n<p><strong>Programa Incluye:<\/strong><strong><\/strong><\/p>\n\n\n\n<ul>\n<li>Traslado aeropuerto Benito Juarez \/ hotel \/ aeropuerto Benito Juarez en M\u00e9xico.<\/li>\n\n\n\n<li>03 noches de alojamiento en M\u00e9xico.<\/li>\n\n\n\n<li>Desayunos diarios.<\/li>\n\n\n\n<li>City Tour M\u00e9xico<\/li>\n\n\n\n<li>Bas\u00edlica de Guadalupe y Pir\u00e1mides de Teotihuac\u00e1n<\/li>\n\n\n\n<li>Traslado aeropuerto \/ hotel \/ aeropuerto en Canc\u00fan.<\/li>\n\n\n\n<li>03 noches de alojamiento en Canc\u00fan.<\/li>\n\n\n\n<li>Sistema TODO INCLUIDO.<\/li>\n\n\n\n<li>Impuestos hoteleros.<\/li>\n<\/ul>\n\n\n\n<figure class=\"wp-block-image size-large\"><img decoding=\"async\" loading=\"lazy\" width=\"1024\" height=\"640\" src=\"https:\/\/agholidaytravels.com\/wp-content\/uploads\/2023\/12\/mexico_121-1024x640.jpg\" alt=\"\" class=\"wp-image-317\" srcset=\"https:\/\/agholidaytravels.com\/wp-content\/uploads\/2023\/12\/mexico_121-1024x640.jpg 1024w, https:\/\/agholidaytravels.com\/wp-content\/uploads\/2023\/12\/mexico_121-300x188.jpg 300w, https:\/\/agholidaytravels.com\/wp-content\/uploads\/2023\/12\/mexico_121-768x480.jpg 768w, https:\/\/agholidaytravels.com\/wp-content\/uploads\/2023\/12\/mexico_121-96x60.jpg 96w, https:\/\/agholidaytravels.com\/wp-content\/uploads\/2023\/12\/mexico_121.jpg 1152w\" sizes=\"(max-width: 1024px) 100vw, 1024px\" \/><\/figure>\n","protected":false},"excerpt":{"rendered":"<p>(07 D\u00edas \/ 06 Noches) Programa Incluye:<\/p>\n","protected":false},"author":1,"featured_media":318,"parent":0,"menu_order":0,"comment_status":"closed","ping_status":"closed","template":"","meta":{"footnotes":""},"_links":{"self":[{"href":"https:\/\/agholidaytravels.com\/index.php\/wp-json\/wp\/v2\/pages\/30"}],"collection":[{"href":"https:\/\/agholidaytravels.com\/index.php\/wp-json\/wp\/v2\/pages"}],"about":[{"href":"https:\/\/agholidaytravels.com\/index.php\/wp-json\/wp\/v2\/types\/page"}],"author":[{"embeddable":true,"href":"https:\/\/agholidaytravels.com\/index.php\/wp-json\/wp\/v2\/users\/1"}],"replies":[{"embeddable":true,"href":"https:\/\/agholidaytravels.com\/index.php\/wp-json\/wp\/v2\/comments?post=30"}],"version-history":[{"count":2,"href":"https:\/\/agholidaytravels.com\/index.php\/wp-json\/wp\/v2\/pages\/30\/revisions"}],"predecessor-version":[{"id":319,"href":"https:\/\/agholidaytravels.com\/index.php\/wp-json\/wp\/v2\/pages\/30\/revisions\/319"}],"wp:featuredmedia":[{"embeddable":true,"href":"https:\/\/agholidaytravels.com\/index.php\/wp-json\/wp\/v2\/media\/318"}],"wp:attachment":[{"href":"https:\/\/agholidaytravels.com\/index.php\/wp-json\/wp\/v2\/media?parent=30"}],"curies":[{"name":"wp","href":"https:\/\/api.w.org\/{rel}","templated":true}]}}