{"id":28,"date":"2023-11-03T11:43:05","date_gmt":"2023-11-03T10:43:05","guid":{"rendered":"https:\/\/agholidaytravels.com\/?page_id=28"},"modified":"2023-12-03T16:36:41","modified_gmt":"2023-12-03T15:36:41","slug":"cancun","status":"publish","type":"page","link":"https:\/\/agholidaytravels.com\/index.php\/cancun\/","title":{"rendered":"CANC\u00daN"},"content":{"rendered":"\n<p><\/p>\n\n\n\n<p><strong>(04 d\u00edas \/ 03 noches)<\/strong><\/p>\n\n\n\n<p><strong>Programa incluye:<\/strong><\/p>\n\n\n\n<ul>\n<li>Traslados aeropuerto \u2013 hotel \u2013 aeropuerto&nbsp;<\/li>\n\n\n\n<li>04 noches de alojamiento<\/li>\n\n\n\n<li>Sistema de Alimentaci\u00f3n TODO INCLUIDO<\/li>\n\n\n\n<li>Tour Xcaret<\/li>\n\n\n\n<li>Chich\u00e9n Izt\u00e1<\/li>\n\n\n\n<li>Impuestos hoteleros<\/li>\n<\/ul>\n\n\n\n<hr class=\"wp-block-separator has-alpha-channel-opacity\"\/>\n\n\n\n<figure class=\"wp-block-image size-full\"><img decoding=\"async\" loading=\"lazy\" width=\"1000\" height=\"667\" src=\"https:\/\/agholidaytravels.com\/wp-content\/uploads\/2023\/12\/4REEHFEWSRFQDFRGRTUCJDPRXM1.jpg\" alt=\"\" class=\"wp-image-315\" srcset=\"https:\/\/agholidaytravels.com\/wp-content\/uploads\/2023\/12\/4REEHFEWSRFQDFRGRTUCJDPRXM1.jpg 1000w, https:\/\/agholidaytravels.com\/wp-content\/uploads\/2023\/12\/4REEHFEWSRFQDFRGRTUCJDPRXM1-300x200.jpg 300w, https:\/\/agholidaytravels.com\/wp-content\/uploads\/2023\/12\/4REEHFEWSRFQDFRGRTUCJDPRXM1-768x512.jpg 768w, https:\/\/agholidaytravels.com\/wp-content\/uploads\/2023\/12\/4REEHFEWSRFQDFRGRTUCJDPRXM1-90x60.jpg 90w, https:\/\/agholidaytravels.com\/wp-content\/uploads\/2023\/12\/4REEHFEWSRFQDFRGRTUCJDPRXM1-420x280.jpg 420w\" sizes=\"(max-width: 1000px) 100vw, 1000px\" \/><\/figure>\n\n\n\n<hr class=\"wp-block-separator has-alpha-channel-opacity\"\/>\n\n\n\n<div class=\"wp-block-buttons is-content-justification-center is-layout-flex wp-container-1 wp-block-buttons-is-layout-flex\">\n<div class=\"wp-block-button\"><a class=\"wp-block-button__link has-vivid-green-cyan-background-color has-background wp-element-button\" href=\"https:\/\/api.whatsapp.com\/send?phone=971477452&amp;text=Saludos%20estoy%20interesado%20en%20la%20oferta%20Cancun\" target=\"_blank\" rel=\"noreferrer noopener\">Consultar Programa a Cancun<\/a><\/div>\n<\/div>\n\n\n\n<hr class=\"wp-block-separator has-alpha-channel-opacity\"\/>\n\n\n\n<figure class=\"wp-block-embed is-type-video is-provider-youtube wp-block-embed-youtube wp-embed-aspect-16-9 wp-has-aspect-ratio\"><div class=\"wp-block-embed__wrapper\">\n<iframe loading=\"lazy\" title=\"Canc\u00fan  Gu\u00eda turistica de Canc\u00fan, M\u00e9xico\" width=\"840\" height=\"473\" src=\"https:\/\/www.youtube.com\/embed\/0HydEf2R30c?feature=oembed\" frameborder=\"0\" allow=\"accelerometer; autoplay; clipboard-write; encrypted-media; gyroscope; picture-in-picture; web-share\" allowfullscreen><\/iframe>\n<\/div><\/figure>\n","protected":false},"excerpt":{"rendered":"<p>(04 d\u00edas \/ 03 noches) Programa incluye:<\/p>\n","protected":false},"author":1,"featured_media":313,"parent":0,"menu_order":0,"comment_status":"closed","ping_status":"closed","template":"","meta":{"footnotes":""},"_links":{"self":[{"href":"https:\/\/agholidaytravels.com\/index.php\/wp-json\/wp\/v2\/pages\/28"}],"collection":[{"href":"https:\/\/agholidaytravels.com\/index.php\/wp-json\/wp\/v2\/pages"}],"about":[{"href":"https:\/\/agholidaytravels.com\/index.php\/wp-json\/wp\/v2\/types\/page"}],"author":[{"embeddable":true,"href":"https:\/\/agholidaytravels.com\/index.php\/wp-json\/wp\/v2\/users\/1"}],"replies":[{"embeddable":true,"href":"https:\/\/agholidaytravels.com\/index.php\/wp-json\/wp\/v2\/comments?post=28"}],"version-history":[{"count":3,"href":"https:\/\/agholidaytravels.com\/index.php\/wp-json\/wp\/v2\/pages\/28\/revisions"}],"predecessor-version":[{"id":333,"href":"https:\/\/agholidaytravels.com\/index.php\/wp-json\/wp\/v2\/pages\/28\/revisions\/333"}],"wp:featuredmedia":[{"embeddable":true,"href":"https:\/\/agholidaytravels.com\/index.php\/wp-json\/wp\/v2\/media\/313"}],"wp:attachment":[{"href":"https:\/\/agholidaytravels.com\/index.php\/wp-json\/wp\/v2\/media?parent=28"}],"curies":[{"name":"wp","href":"https:\/\/api.w.org\/{rel}","templated":true}]}}