{"id":26,"date":"2023-11-03T11:42:33","date_gmt":"2023-11-03T10:42:33","guid":{"rendered":"https:\/\/agholidaytravels.com\/?page_id=26"},"modified":"2023-12-03T15:52:32","modified_gmt":"2023-12-03T14:52:32","slug":"mexico-basico","status":"publish","type":"page","link":"https:\/\/agholidaytravels.com\/index.php\/mexico-basico\/","title":{"rendered":"M\u00c9XICO B\u00c1SICO"},"content":{"rendered":"\n<p><\/p>\n\n\n\n<p><strong>(04 D\u00edas \/ 03 Noches)<\/strong><\/p>\n\n\n\n<p><strong>Programa Incluye:<\/strong><\/p>\n\n\n\n<ul>\n<li>Traslado aeropuerto \/ hotel \/ aeropuerto.<\/li>\n\n\n\n<li>03 noches de alojamiento en hotel elegido<\/li>\n\n\n\n<li>Desayunos diarios seg\u00fan hotel elegido<\/li>\n\n\n\n<li>City Tour M\u00e9xico<\/li>\n\n\n\n<li>Bas\u00edlica de Guadalupe y Pir\u00e1mides de Teotihuac\u00e1n<\/li>\n\n\n\n<li>Impuestos hoteleros<\/li>\n<\/ul>\n\n\n\n<figure class=\"wp-block-image size-full\"><img decoding=\"async\" loading=\"lazy\" width=\"1024\" height=\"512\" src=\"https:\/\/agholidaytravels.com\/wp-content\/uploads\/2023\/12\/MX_Vive-como-nunca-antes-Ciudad-de-Mexico-con-estos-X-lugares-de-interes-1024x5121-1.jpg\" alt=\"\" class=\"wp-image-322\" srcset=\"https:\/\/agholidaytravels.com\/wp-content\/uploads\/2023\/12\/MX_Vive-como-nunca-antes-Ciudad-de-Mexico-con-estos-X-lugares-de-interes-1024x5121-1.jpg 1024w, https:\/\/agholidaytravels.com\/wp-content\/uploads\/2023\/12\/MX_Vive-como-nunca-antes-Ciudad-de-Mexico-con-estos-X-lugares-de-interes-1024x5121-1-300x150.jpg 300w, https:\/\/agholidaytravels.com\/wp-content\/uploads\/2023\/12\/MX_Vive-como-nunca-antes-Ciudad-de-Mexico-con-estos-X-lugares-de-interes-1024x5121-1-768x384.jpg 768w, https:\/\/agholidaytravels.com\/wp-content\/uploads\/2023\/12\/MX_Vive-como-nunca-antes-Ciudad-de-Mexico-con-estos-X-lugares-de-interes-1024x5121-1-120x60.jpg 120w\" sizes=\"(max-width: 1024px) 100vw, 1024px\" \/><\/figure>\n","protected":false},"excerpt":{"rendered":"<p>(04 D\u00edas \/ 03 Noches) Programa Incluye:<\/p>\n","protected":false},"author":1,"featured_media":320,"parent":0,"menu_order":0,"comment_status":"closed","ping_status":"closed","template":"","meta":{"footnotes":""},"_links":{"self":[{"href":"https:\/\/agholidaytravels.com\/index.php\/wp-json\/wp\/v2\/pages\/26"}],"collection":[{"href":"https:\/\/agholidaytravels.com\/index.php\/wp-json\/wp\/v2\/pages"}],"about":[{"href":"https:\/\/agholidaytravels.com\/index.php\/wp-json\/wp\/v2\/types\/page"}],"author":[{"embeddable":true,"href":"https:\/\/agholidaytravels.com\/index.php\/wp-json\/wp\/v2\/users\/1"}],"replies":[{"embeddable":true,"href":"https:\/\/agholidaytravels.com\/index.php\/wp-json\/wp\/v2\/comments?post=26"}],"version-history":[{"count":2,"href":"https:\/\/agholidaytravels.com\/index.php\/wp-json\/wp\/v2\/pages\/26\/revisions"}],"predecessor-version":[{"id":323,"href":"https:\/\/agholidaytravels.com\/index.php\/wp-json\/wp\/v2\/pages\/26\/revisions\/323"}],"wp:featuredmedia":[{"embeddable":true,"href":"https:\/\/agholidaytravels.com\/index.php\/wp-json\/wp\/v2\/media\/320"}],"wp:attachment":[{"href":"https:\/\/agholidaytravels.com\/index.php\/wp-json\/wp\/v2\/media?parent=26"}],"curies":[{"name":"wp","href":"https:\/\/api.w.org\/{rel}","templated":true}]}}