{"id":175,"date":"2023-11-25T21:08:46","date_gmt":"2023-11-25T20:08:46","guid":{"rendered":"https:\/\/agholidaytravels.com\/?page_id=175"},"modified":"2023-11-25T21:08:46","modified_gmt":"2023-11-25T20:08:46","slug":"panama-basico-city-tour-canal-04-dias-03-noches","status":"publish","type":"page","link":"https:\/\/agholidaytravels.com\/index.php\/panama-basico-city-tour-canal-04-dias-03-noches\/","title":{"rendered":"Panam\u00e1 B\u00e1sico + City Tour Canal 04 D\u00edas\/ 03 Noches"},"content":{"rendered":"\n<p><strong>Programa Incluye:<\/strong><\/p>\n\n\n\n<p>\u25baTraslado aeropuerto \/ hotel \/ aeropuerto.<br>\u25ba02 noches de alojamiento + 01 GRATIS<br>\u25baDesayunos diarios.<br>\u25baCity tour Canal + compras (d\u00edas seleccionado): martes, jueves, s\u00e1bado y domingo (*)<br>\u25baIncluye entrada al centro visitantes<br>\u25baImpuestos hoteleros<\/p>\n\n\n\n<hr class=\"wp-block-separator has-alpha-channel-opacity\"\/>\n\n\n\n<figure class=\"wp-block-embed is-type-video is-provider-youtube wp-block-embed-youtube wp-embed-aspect-16-9 wp-has-aspect-ratio\"><div class=\"wp-block-embed__wrapper\">\n<iframe loading=\"lazy\" title=\"Panam\u00e1 - Vive por M\u00e1s\" width=\"840\" height=\"473\" src=\"https:\/\/www.youtube.com\/embed\/l8kkC93ibCw?feature=oembed\" frameborder=\"0\" allow=\"accelerometer; autoplay; clipboard-write; encrypted-media; gyroscope; picture-in-picture; web-share\" allowfullscreen><\/iframe>\n<\/div><\/figure>\n\n\n\n<hr class=\"wp-block-separator has-alpha-channel-opacity\"\/>\n\n\n\n<div class=\"wp-block-buttons is-content-justification-center is-layout-flex wp-container-1 wp-block-buttons-is-layout-flex\">\n<div class=\"wp-block-button\"><a class=\"wp-block-button__link has-vivid-green-cyan-background-color has-background wp-element-button\" href=\"https:\/\/api.whatsapp.com\/send?phone=51 971477452&amp;text=Saludos%20estoy%20interesado%20en%20la%20oferta%20Panama\">Consultar por Whatsapp<\/a><\/div>\n<\/div>\n","protected":false},"excerpt":{"rendered":"<p>Programa Incluye: \u25baTraslado aeropuerto \/ hotel \/ aeropuerto.\u25ba02 noches de alojamiento + 01 GRATIS\u25baDesayunos diarios.\u25baCity tour Canal + compras (d\u00edas seleccionado): martes, jueves, s\u00e1bado y &hellip; <\/p>\n","protected":false},"author":1,"featured_media":176,"parent":0,"menu_order":0,"comment_status":"closed","ping_status":"closed","template":"","meta":{"footnotes":""},"_links":{"self":[{"href":"https:\/\/agholidaytravels.com\/index.php\/wp-json\/wp\/v2\/pages\/175"}],"collection":[{"href":"https:\/\/agholidaytravels.com\/index.php\/wp-json\/wp\/v2\/pages"}],"about":[{"href":"https:\/\/agholidaytravels.com\/index.php\/wp-json\/wp\/v2\/types\/page"}],"author":[{"embeddable":true,"href":"https:\/\/agholidaytravels.com\/index.php\/wp-json\/wp\/v2\/users\/1"}],"replies":[{"embeddable":true,"href":"https:\/\/agholidaytravels.com\/index.php\/wp-json\/wp\/v2\/comments?post=175"}],"version-history":[{"count":1,"href":"https:\/\/agholidaytravels.com\/index.php\/wp-json\/wp\/v2\/pages\/175\/revisions"}],"predecessor-version":[{"id":177,"href":"https:\/\/agholidaytravels.com\/index.php\/wp-json\/wp\/v2\/pages\/175\/revisions\/177"}],"wp:featuredmedia":[{"embeddable":true,"href":"https:\/\/agholidaytravels.com\/index.php\/wp-json\/wp\/v2\/media\/176"}],"wp:attachment":[{"href":"https:\/\/agholidaytravels.com\/index.php\/wp-json\/wp\/v2\/media?parent=175"}],"curies":[{"name":"wp","href":"https:\/\/api.w.org\/{rel}","templated":true}]}}