{"id":172,"date":"2023-11-25T21:05:14","date_gmt":"2023-11-25T20:05:14","guid":{"rendered":"https:\/\/agholidaytravels.com\/?page_id=172"},"modified":"2023-11-25T21:05:24","modified_gmt":"2023-11-25T20:05:24","slug":"cartagena-05-dias-04-noches","status":"publish","type":"page","link":"https:\/\/agholidaytravels.com\/index.php\/cartagena-05-dias-04-noches\/","title":{"rendered":"Cartagena 05 D\u00edas\/ 04 Noches"},"content":{"rendered":"\n<p><\/p>\n\n\n\n<p><strong>Programa incluye:<\/strong><\/p>\n\n\n\n<p>\u25baTraslado aeropuerto \/ hotel \/ aeropuerto en servicio regular<br>\u25ba02 noches de alojamiento en Ciudad<br>\u25baDesayunos incluidos<br>\u25baVisita de la ciudad con Castillo de San Felipe<br>\u25baRecorrido Nocturno en Chiva<br>\u25ba02 noches de alojamiento en Decameron Bar\u00fa<br>\u25baSISTEMA TODO INCLUIDO<br>\u25baImpuestos hoteleros<\/p>\n\n\n\n<hr class=\"wp-block-separator has-alpha-channel-opacity\"\/>\n\n\n\n<hr class=\"wp-block-separator has-alpha-channel-opacity\"\/>\n\n\n\n<figure class=\"wp-block-embed is-type-video is-provider-youtube wp-block-embed-youtube wp-embed-aspect-16-9 wp-has-aspect-ratio\"><div class=\"wp-block-embed__wrapper\">\n<iframe loading=\"lazy\" title=\"Campa\u00f1a de promoci\u00f3n Tur\u00edstica Cartagena 2021\" width=\"840\" height=\"473\" src=\"https:\/\/www.youtube.com\/embed\/56Bb0No_lEo?feature=oembed\" frameborder=\"0\" allow=\"accelerometer; autoplay; clipboard-write; encrypted-media; gyroscope; picture-in-picture; web-share\" allowfullscreen><\/iframe>\n<\/div><\/figure>\n\n\n\n<hr class=\"wp-block-separator has-alpha-channel-opacity\"\/>\n\n\n\n<div class=\"wp-block-buttons is-content-justification-center is-layout-flex wp-container-1 wp-block-buttons-is-layout-flex\">\n<div class=\"wp-block-button\"><a class=\"wp-block-button__link has-vivid-green-cyan-background-color has-background wp-element-button\">Consultar por Whatsapp<\/a><\/div>\n<\/div>\n","protected":false},"excerpt":{"rendered":"<p>Programa incluye: \u25baTraslado aeropuerto \/ hotel \/ aeropuerto en servicio regular\u25ba02 noches de alojamiento en Ciudad\u25baDesayunos incluidos\u25baVisita de la ciudad con Castillo de San Felipe\u25baRecorrido &hellip; <\/p>\n","protected":false},"author":1,"featured_media":173,"parent":0,"menu_order":0,"comment_status":"closed","ping_status":"closed","template":"","meta":{"footnotes":""},"_links":{"self":[{"href":"https:\/\/agholidaytravels.com\/index.php\/wp-json\/wp\/v2\/pages\/172"}],"collection":[{"href":"https:\/\/agholidaytravels.com\/index.php\/wp-json\/wp\/v2\/pages"}],"about":[{"href":"https:\/\/agholidaytravels.com\/index.php\/wp-json\/wp\/v2\/types\/page"}],"author":[{"embeddable":true,"href":"https:\/\/agholidaytravels.com\/index.php\/wp-json\/wp\/v2\/users\/1"}],"replies":[{"embeddable":true,"href":"https:\/\/agholidaytravels.com\/index.php\/wp-json\/wp\/v2\/comments?post=172"}],"version-history":[{"count":1,"href":"https:\/\/agholidaytravels.com\/index.php\/wp-json\/wp\/v2\/pages\/172\/revisions"}],"predecessor-version":[{"id":174,"href":"https:\/\/agholidaytravels.com\/index.php\/wp-json\/wp\/v2\/pages\/172\/revisions\/174"}],"wp:featuredmedia":[{"embeddable":true,"href":"https:\/\/agholidaytravels.com\/index.php\/wp-json\/wp\/v2\/media\/173"}],"wp:attachment":[{"href":"https:\/\/agholidaytravels.com\/index.php\/wp-json\/wp\/v2\/media?parent=172"}],"curies":[{"name":"wp","href":"https:\/\/api.w.org\/{rel}","templated":true}]}}