{"id":117,"date":"2023-11-25T18:03:37","date_gmt":"2023-11-25T17:03:37","guid":{"rendered":"https:\/\/agholidaytravels.com\/?page_id=117"},"modified":"2023-11-25T18:58:41","modified_gmt":"2023-11-25T17:58:41","slug":"chiclayo-y-el-senor-de-sipan-03-dias-02-noches","status":"publish","type":"page","link":"https:\/\/agholidaytravels.com\/index.php\/chiclayo-y-el-senor-de-sipan-03-dias-02-noches\/","title":{"rendered":"Chiclayo y el Se\u00f1or de Sip\u00e1n 03 d\u00edas\/02 noches"},"content":{"rendered":"\n<p><strong>INCLUYE<\/strong><\/p>\n\n\n\n<p>\u25baTraslados Aeropuerto \/ Hotel \/ Aeropuerto en Chiclayo<br>\u25ba02Noches de Alojamiento.<br>\u25baAlimentaci\u00f3n : 02 desayunos<br>\u25baCity tour y Mercado herbolario<br>\u25baSitio Arqueol\u00f3gico de Sipan + Huaca rajada<br>\u25baMovilidad Permanente y entradas a todos los Atractivos a Visitar.<br>\u25baGu\u00eda oficial de Turismo con experiencia en grup<\/p>\n\n\n\n<p><\/p>\n\n\n\n<p><strong>Precio por PAX en USD 144.00<\/strong><\/p>\n\n\n\n<p>Gran Sipan Hotel 3*<br>Hotel Para\u00edso 3*<\/p>\n\n\n\n<hr class=\"wp-block-separator has-alpha-channel-opacity\"\/>\n\n\n\n<figure class=\"wp-block-embed is-type-video is-provider-youtube wp-block-embed-youtube wp-embed-aspect-16-9 wp-has-aspect-ratio\"><div class=\"wp-block-embed__wrapper\">\n<iframe loading=\"lazy\" title=\"Lambayeque\" width=\"840\" height=\"473\" src=\"https:\/\/www.youtube.com\/embed\/0TZzCHixVdg?feature=oembed\" frameborder=\"0\" allow=\"accelerometer; autoplay; clipboard-write; encrypted-media; gyroscope; picture-in-picture; web-share\" allowfullscreen><\/iframe>\n<\/div><\/figure>\n\n\n\n<hr class=\"wp-block-separator has-alpha-channel-opacity\"\/>\n\n\n\n<div class=\"wp-block-buttons is-content-justification-center is-layout-flex wp-container-1 wp-block-buttons-is-layout-flex\">\n<div class=\"wp-block-button\"><a class=\"wp-block-button__link has-vivid-green-cyan-background-color has-background wp-element-button\" href=\"https:\/\/api.whatsapp.com\/send?phone=51 971477452&amp;text=Saludos%20estoy%20interesado%20en%20la%20oferta%20Chiclayo\">Consultar por Whatsapp<\/a><\/div>\n<\/div>\n","protected":false},"excerpt":{"rendered":"<p>INCLUYE \u25baTraslados Aeropuerto \/ Hotel \/ Aeropuerto en Chiclayo\u25ba02Noches de Alojamiento.\u25baAlimentaci\u00f3n : 02 desayunos\u25baCity tour y Mercado herbolario\u25baSitio Arqueol\u00f3gico de Sipan + Huaca rajada\u25baMovilidad Permanente &hellip; <\/p>\n","protected":false},"author":1,"featured_media":118,"parent":0,"menu_order":0,"comment_status":"closed","ping_status":"closed","template":"","meta":{"footnotes":""},"_links":{"self":[{"href":"https:\/\/agholidaytravels.com\/index.php\/wp-json\/wp\/v2\/pages\/117"}],"collection":[{"href":"https:\/\/agholidaytravels.com\/index.php\/wp-json\/wp\/v2\/pages"}],"about":[{"href":"https:\/\/agholidaytravels.com\/index.php\/wp-json\/wp\/v2\/types\/page"}],"author":[{"embeddable":true,"href":"https:\/\/agholidaytravels.com\/index.php\/wp-json\/wp\/v2\/users\/1"}],"replies":[{"embeddable":true,"href":"https:\/\/agholidaytravels.com\/index.php\/wp-json\/wp\/v2\/comments?post=117"}],"version-history":[{"count":2,"href":"https:\/\/agholidaytravels.com\/index.php\/wp-json\/wp\/v2\/pages\/117\/revisions"}],"predecessor-version":[{"id":141,"href":"https:\/\/agholidaytravels.com\/index.php\/wp-json\/wp\/v2\/pages\/117\/revisions\/141"}],"wp:featuredmedia":[{"embeddable":true,"href":"https:\/\/agholidaytravels.com\/index.php\/wp-json\/wp\/v2\/media\/118"}],"wp:attachment":[{"href":"https:\/\/agholidaytravels.com\/index.php\/wp-json\/wp\/v2\/media?parent=117"}],"curies":[{"name":"wp","href":"https:\/\/api.w.org\/{rel}","templated":true}]}}